{"id":178,"date":"2023-06-06T11:24:56","date_gmt":"2023-06-06T09:24:56","guid":{"rendered":"https:\/\/elypsun.fr\/?post_type=product&#038;p=178"},"modified":"2024-12-07T20:42:13","modified_gmt":"2024-12-07T18:42:13","slug":"lampes-decoratives","status":"publish","type":"product","link":"https:\/\/elypsun.fr\/en\/lampes\/lampes-decoratives\/","title":{"rendered":"Lampes design"},"content":{"rendered":"<p>[et_pb_section fb_built=\u00a0\u00bb1&Prime; _builder_version=\u00a0\u00bb4.22.1&Prime; _module_preset=\u00a0\u00bbdefault\u00a0\u00bb global_colors_info=\u00a0\u00bb{}\u00a0\u00bb][\/et_pb_section]<\/p>\n","protected":false},"excerpt":{"rendered":"<p>D\u00e9couvrez notre lampe d\u00e9corative innovante qui allie beaut\u00e9, esth\u00e9tique et fonctionnalit\u00e9. Cette lampe unique int\u00e8gre le concept du rythme circadien, s&rsquo;adaptant automatiquement aux changements de lumi\u00e8re naturelle tout au long de la journ\u00e9e. Elle \u00e9voque une ambiance chaleureuse et apaisante, parfaitement adapt\u00e9e \u00e0 vos besoins. Gr\u00e2ce \u00e0 sa technologie avanc\u00e9e, elle peut vous aider \u00e0 r\u00e9guler votre cycle de sommeil en fournissant une lumi\u00e8re plus chaude le soir et une lumi\u00e8re plus vive le matin. Donnez une touche artistique \u00e0 votre int\u00e9rieur tout en prenant soin de votre bien-\u00eatre avec cette lampe d\u00e9corative unique<\/p>","protected":false},"featured_media":1014,"template":"","meta":{"_acf_changed":false,"_et_pb_use_builder":"on","_et_pb_old_content":"","_et_gb_content_width":"","inline_featured_image":false,"_monsterinsights_skip_tracking":false,"_monsterinsights_sitenote_active":false,"_monsterinsights_sitenote_note":"","_monsterinsights_sitenote_category":0},"product_brand":[],"product_cat":[21],"product_tag":[],"class_list":{"0":"post-178","1":"product","2":"type-product","3":"status-publish","4":"has-post-thumbnail","6":"product_cat-cadre-de-lumiere-decoratif","8":"first","9":"instock","10":"featured","11":"taxable","12":"shipping-taxable","13":"product-type-simple"},"acf":[],"aioseo_notices":[],"_links":{"self":[{"href":"https:\/\/elypsun.fr\/en\/wp-json\/wp\/v2\/product\/178","targetHints":{"allow":["GET"]}}],"collection":[{"href":"https:\/\/elypsun.fr\/en\/wp-json\/wp\/v2\/product"}],"about":[{"href":"https:\/\/elypsun.fr\/en\/wp-json\/wp\/v2\/types\/product"}],"wp:featuredmedia":[{"embeddable":true,"href":"https:\/\/elypsun.fr\/en\/wp-json\/wp\/v2\/media\/1014"}],"wp:attachment":[{"href":"https:\/\/elypsun.fr\/en\/wp-json\/wp\/v2\/media?parent=178"}],"wp:term":[{"taxonomy":"product_brand","embeddable":true,"href":"https:\/\/elypsun.fr\/en\/wp-json\/wp\/v2\/product_brand?post=178"},{"taxonomy":"product_cat","embeddable":true,"href":"https:\/\/elypsun.fr\/en\/wp-json\/wp\/v2\/product_cat?post=178"},{"taxonomy":"product_tag","embeddable":true,"href":"https:\/\/elypsun.fr\/en\/wp-json\/wp\/v2\/product_tag?post=178"}],"curies":[{"name":"wp","href":"https:\/\/api.w.org\/{rel}","templated":true}]}}