{"id":174,"date":"2023-06-08T11:20:37","date_gmt":"2023-06-08T09:20:37","guid":{"rendered":"https:\/\/elypsun.fr\/?post_type=product&#038;p=174"},"modified":"2024-10-19T17:45:49","modified_gmt":"2024-10-19T15:45:49","slug":"lampes-plafond","status":"publish","type":"product","link":"https:\/\/elypsun.fr\/en\/lampes\/lampes-plafond\/","title":{"rendered":"Lampes plafond"},"content":{"rendered":"<p>[et_pb_section fb_built=\u00a0\u00bb1&Prime; _builder_version=\u00a0\u00bb4.16&Prime; custom_padding=\u00a0\u00bb0px||||false|false\u00a0\u00bb collapsed=\u00a0\u00bboff\u00a0\u00bb global_colors_info=\u00a0\u00bb{}\u00a0\u00bb][\/et_pb_section]<\/p>\n","protected":false},"excerpt":{"rendered":"<p>Lampe de plafond innovante simulant 98 % de la lumi\u00e8re naturelle du soleil, sans lumi\u00e8re bleue nocive. Am\u00e9liore bien-\u00eatre, r\u00e9duit fatigue oculaire, booste concentration.<\/p>","protected":false},"featured_media":1046,"template":"","meta":{"_acf_changed":false,"_et_pb_use_builder":"on","_et_pb_old_content":"","_et_gb_content_width":"","inline_featured_image":false,"_monsterinsights_skip_tracking":false,"_monsterinsights_sitenote_active":false,"_monsterinsights_sitenote_note":"","_monsterinsights_sitenote_category":0},"product_brand":[],"product_cat":[20],"product_tag":[],"class_list":{"0":"post-174","1":"product","2":"type-product","3":"status-publish","4":"has-post-thumbnail","6":"product_cat-lampe","8":"first","9":"instock","10":"featured","11":"taxable","12":"shipping-taxable","13":"product-type-simple"},"acf":[],"aioseo_notices":[],"_links":{"self":[{"href":"https:\/\/elypsun.fr\/en\/wp-json\/wp\/v2\/product\/174","targetHints":{"allow":["GET"]}}],"collection":[{"href":"https:\/\/elypsun.fr\/en\/wp-json\/wp\/v2\/product"}],"about":[{"href":"https:\/\/elypsun.fr\/en\/wp-json\/wp\/v2\/types\/product"}],"wp:featuredmedia":[{"embeddable":true,"href":"https:\/\/elypsun.fr\/en\/wp-json\/wp\/v2\/media\/1046"}],"wp:attachment":[{"href":"https:\/\/elypsun.fr\/en\/wp-json\/wp\/v2\/media?parent=174"}],"wp:term":[{"taxonomy":"product_brand","embeddable":true,"href":"https:\/\/elypsun.fr\/en\/wp-json\/wp\/v2\/product_brand?post=174"},{"taxonomy":"product_cat","embeddable":true,"href":"https:\/\/elypsun.fr\/en\/wp-json\/wp\/v2\/product_cat?post=174"},{"taxonomy":"product_tag","embeddable":true,"href":"https:\/\/elypsun.fr\/en\/wp-json\/wp\/v2\/product_tag?post=174"}],"curies":[{"name":"wp","href":"https:\/\/api.w.org\/{rel}","templated":true}]}}