{"id":27,"date":"2023-05-24T10:28:27","date_gmt":"2023-05-24T08:28:27","guid":{"rendered":"https:\/\/elypsun.fr\/?page_id=27"},"modified":"2023-09-03T23:40:02","modified_gmt":"2023-09-03T21:40:02","slug":"contact","status":"publish","type":"page","link":"https:\/\/elypsun.fr\/en\/contact\/","title":{"rendered":"Contactez-nous"},"content":{"rendered":"<p>[et_pb_section fb_built=\u00a0\u00bb1&Prime; module_class=\u00a0\u00bbdark_background\u00a0\u00bb _builder_version=\u00a0\u00bb4.21.0&Prime; _module_preset=\u00a0\u00bbdefault\u00a0\u00bb background_color=\u00a0\u00bbRGBA(255,255,255,0)\u00a0\u00bb custom_padding=\u00a0\u00bb4px|||||\u00a0\u00bb global_colors_info=\u00a0\u00bb{}\u00a0\u00bb theme_builder_area=\u00a0\u00bbpost_content\u00a0\u00bb][et_pb_row column_structure=\u00a0\u00bb3_5,2_5&Prime; use_custom_gutter=\u00a0\u00bbon\u00a0\u00bb gutter_width=\u00a0\u00bb2&Prime; make_equal=\u00a0\u00bbon\u00a0\u00bb _builder_version=\u00a0\u00bb4.21.0&Prime; _module_preset=\u00a0\u00bbdefault\u00a0\u00bb background_color=\u00a0\u00bbRGBA(255,255,255,0)\u00a0\u00bb width=\u00a0\u00bb100%\u00a0\u00bb global_colors_info=\u00a0\u00bb{}\u00a0\u00bb theme_builder_area=\u00a0\u00bbpost_content\u00a0\u00bb][et_pb_column type=\u00a0\u00bb3_5&Prime; module_class=\u00a0\u00bbhome_form_left\u00a0\u00bb _builder_version=\u00a0\u00bb4.21.0&Prime; _module_preset=\u00a0\u00bbdefault\u00a0\u00bb global_colors_info=\u00a0\u00bb{}\u00a0\u00bb theme_builder_area=\u00a0\u00bbpost_content\u00a0\u00bb][et_pb_code module_class=\u00a0\u00bbhome_form_left_inner\u00a0\u00bb _builder_version=\u00a0\u00bb4.21.0&Prime; _module_preset=\u00a0\u00bbdefault\u00a0\u00bb global_colors_info=\u00a0\u00bb{}\u00a0\u00bb theme_builder_area=\u00a0\u00bbpost_content\u00a0\u00bb]\t\t\t<link rel=\"stylesheet\" property=\"stylesheet\" href=\"https:\/\/elypsun.fr\/wp-content\/plugins\/happyforms-upgrade\/bundles\/css\/frontend.css\" \/>\n\t\t\t\t<!-- HappyForms CSS variables -->\n\t<style>\n\t#happyforms-96 {\n\t\t--happyforms-part-title-font-size: 16px;\n--happyforms-part-description-font-size: 12px;\n--happyforms-part-value-font-size: 16px;\n--happyforms-submit-button-font-size: 16px;\n--happyforms-color-primary: #000000;\n--happyforms-color-success-notice: #ebf9f0;\n--happyforms-color-success-notice-text: #1eb452;\n--happyforms-color-error: #f23000;\n--happyforms-color-error-notice: #ffeeea;\n--happyforms-color-error-notice-text: #f23000;\n--happyforms-color-part-title: #000000;\n--happyforms-color-part-value: #000000;\n--happyforms-color-part-placeholder: #888888;\n--happyforms-color-part-description: #454545;\n--happyforms-color-part-border: #dbdbdb;\n--happyforms-color-part-border-focus: #7aa4ff;\n--happyforms-color-part-background: #ffffff;\n--happyforms-color-part-background-focus: #ffffff;\n--happyforms-color-submit-background: #2d3b42;\n--happyforms-color-submit-background-hover: #dd9933;\n--happyforms-color-submit-border: transparent;\n--happyforms-color-submit-text: #ffffff;\n--happyforms-color-submit-text-hover: #ffffff;\n--happyforms-color-table-row-odd: #fcfcfc;\n--happyforms-color-table-row-even: #efefef;\n--happyforms-color-table-row-odd-text: #000000;\n--happyforms-color-table-row-even-text: #000000;\n--happyforms-color-dropdown-item-bg: #ffffff;\n--happyforms-color-dropdown-item-text: #000000;\n--happyforms-color-dropdown-item-bg-hover: #f4f4f5;\n--happyforms-color-dropdown-item-text-hover: #000000;\n--happyforms-color-divider-hr: #cccccc;\n--happyforms-color-choice-checkmark-bg: #ffffff;\n--happyforms-color-choice-checkmark-bg-focus: #000000;\n--happyforms-color-choice-checkmark-color: #ffffff;\n--happyforms-color-rating: #cccccc;\n--happyforms-color-rating-hover: #000000;\n--happyforms-color-multistep-info-text-color: #000000;\n--happyforms-color-multistep-info-back-color: #000000;\n--happyforms-color-multistep-info-back-color-hover: #000000;\n--happyforms-poll-bar-color: #e8e8e8;\n--happyforms-poll-link-color: #000000;\n--happyforms-poll-winner-color: #000000;\n\t}\n\t<\/style>\n\t<!-- End of HappyForms CSS variables -->\n\t\t<!-- HappyForms Additional CSS -->\n\t<style data-happyforms-additional-css>\n\t\t<\/style>\n\t<!-- End of HappyForms Additional CSS -->\n\t\t\t<link rel=\"stylesheet\" type=\"text\/css\" href=\"https:\/\/elypsun.fr\/wp-content\/plugins\/happyforms-upgrade\/core\/assets\/css\/no-interaction.css\">\n\t\t<div class=\"happyforms-form happyforms-styles happyforms-form--part-border-radius-square happyforms-form--submit-button-border-radius-square happyforms-form--submit-button-fullwidth\" id=\"happyforms-96\">\n\t\t\n\t<form action=\"\" id=\"happyforms-form-96\" method=\"post\" novalidate=\"true\" autocomplete=\"off\">\n\t\t\t\t<input type=\"hidden\" name=\"happyforms_random_seed\" value=\"2206839035\" \/>\n\t\t\n\t\t\t<input type=\"hidden\" name=\"action\" value=\"happyforms_message\">\n\t\t\t\t<input type=\"hidden\" name=\"client_referer\" value=\"\">\n\t\t\t\t<input type=\"hidden\" name=\"current_post_id\" value=\"\">\n\t\t\t\t<input type=\"hidden\" name=\"happyforms_form_id\" value=\"96\" \/>\n\t\t\t\t<input type=\"hidden\" name=\"happyforms_step\" value=\"0\" \/>\n\t\n\t\t<div class=\"happyforms-flex\">\n\t\t\t\t<label for=\"96-multi_line_text\" class=\"screen-reader-text\">Leave this field blank<\/label>\n\t<input type=\"text\" id=\"96-multi_line_text\" name=\"96-multi_line_text\" style=\"display: none;\" tabindex=\"-1\" autocomplete=\"off\" aria-hidden=\"true\">\n\t\t\t\t\t\t\t\t\t\t<div class=\"happyforms-form__part happyforms-part happyforms-part--placeholder happyforms-part--width-full happyforms-part--label-show form_phone\" id=\"happyforms-96_placeholder_6-part\" data-happyforms-type=\"placeholder\" data-happyforms-id=\"placeholder_6\">\n\t<div class=\"happyforms-part-wrap\">\n\t\t\n\t\t\n\t\t<div class=\"happyforms-part__el\">\n\t\t\t\n\t\t\t<p>Contactez-nous par formulaire ou par t\u00e9l\u00e9phone:<\/p>\n<p><em>01 83 43 94 88<\/em><\/p>\n\t\t\t\t\t<\/div>\n\t<\/div>\n<\/div>\n<div class=\"happyforms-form__part happyforms-part happyforms-part--single_line_text happyforms-part--width-half happyforms-part--label-hidden\" id=\"happyforms-96_single_line_text_0-part\" data-happyforms-type=\"single_line_text\" data-happyforms-id=\"single_line_text_0\" data-happyforms-required=\"\">\n\t<div class=\"happyforms-part-wrap\">\n\t\t\n\t\t\t\t\t\t<div class=\"happyforms-part__label-container\">\n\t\t\t<\/div>\n\t\t\t\n\t\t\n\t\t<div class=\"happyforms-part__el\">\n\t\t\t\n\t\t\t\n\t\t\t<div class=\"happyforms-input\">\n\t\t\t\t\n\t\t\t\t<input id=\"happyforms-96_single_line_text_0\" type=\"text\" name=\"96_single_line_text_0\" value=\"\" placeholder=\"Nom &amp; Pr\u00e9nom*\" autocomplete=\"off\" spellcheck=\"false\"  autocorrect=\"off\" \/>\n\t\t\t\t\t\t\t<\/div>\n\n\t\t\t\n\t\t\t\n\t\t\t\t\t<\/div>\n\t<\/div>\n<\/div>\n<div class=\"happyforms-part--with-autocomplete happyforms-form__part happyforms-part happyforms-part--email happyforms-part--width-half happyforms-part--label-hidden\" id=\"happyforms-96_email_2-part\" data-happyforms-type=\"email\" data-happyforms-id=\"email_2\" data-happyforms-required=\"\">\n\t\t<div class=\"happyforms-part-wrap\">\n\t\t\t\t\t\t<div class=\"happyforms-part__label-container\">\n\t\t\t<\/div>\n\t\t\t\n\t\t\n\t\t<div class=\"happyforms-part__el\">\n\t\t\t\n\t\t\t\n\t\t\t<div class=\"happyforms-input\">\n\t\t\t\t<input type=\"email\" name=\"96_email_2\" id=\"happyforms-96_email_2\" value=\"\" placeholder=\"Votre email*\" autocomplete=\"off\" spellcheck=\"false\"  autocorrect=\"off\" \/>\n\t\t\t\t\t\t\t<\/div>\n\n\t\t\t\n\t\t\t\n\t\t\t\t\t<\/div>\n\t<\/div>\n<\/div>\n<div class=\"happyforms-form__part happyforms-part happyforms-part--single_line_text happyforms-part--width-full happyforms-part--label-hidden\" id=\"happyforms-96_single_line_text_1-part\" data-happyforms-type=\"single_line_text\" data-happyforms-id=\"single_line_text_1\" data-happyforms-required=\"\">\n\t<div class=\"happyforms-part-wrap\">\n\t\t\n\t\t\t\t\t\t<div class=\"happyforms-part__label-container\">\n\t\t\t<\/div>\n\t\t\t\n\t\t\n\t\t<div class=\"happyforms-part__el\">\n\t\t\t\n\t\t\t\n\t\t\t<div class=\"happyforms-input\">\n\t\t\t\t\n\t\t\t\t<input id=\"happyforms-96_single_line_text_1\" type=\"text\" name=\"96_single_line_text_1\" value=\"\" placeholder=\"Objet de votre demande*\" autocomplete=\"off\" spellcheck=\"false\"  autocorrect=\"off\" \/>\n\t\t\t\t\t\t\t<\/div>\n\n\t\t\t\n\t\t\t\n\t\t\t\t\t<\/div>\n\t<\/div>\n<\/div>\n<div class=\"happyforms-form__part happyforms-part happyforms-part--multi_line_text happyforms-part--width-full happyforms-part--label-hidden\" id=\"happyforms-96_multi_line_text_3-part\" data-happyforms-type=\"multi_line_text\" data-happyforms-id=\"multi_line_text_3\" data-happyforms-required=\"\">\n\t<div class=\"happyforms-part-wrap\">\n\t\t\t\t\t\t<div class=\"happyforms-part__label-container\">\n\t\t\t<\/div>\n\t\t\t\n\t\t\n\t\t<div class=\"happyforms-part__el\">\n\t\t\t\n\t\t\t\t\t\t<textarea id=\"happyforms-96_multi_line_text_3\" name=\"96_multi_line_text_3\" rows=\"5\" placeholder=\"Votre message*\" autocomplete=\"off\" spellcheck=\"false\" autocorrect=\"off\" ><\/textarea>\n\t\t\t\n\t\t\t\n\t\t\t\t\t<\/div>\n\t<\/div>\n<\/div>\n<div class=\"happyforms-form__part happyforms-part happyforms-part--placeholder happyforms-part--width-full happyforms-part--label-show contact_form_text\" id=\"happyforms-96_placeholder_5-part\" data-happyforms-type=\"placeholder\" data-happyforms-id=\"placeholder_5\">\n\t<div class=\"happyforms-part-wrap\">\n\t\t\n\t\t\n\t\t<div class=\"happyforms-part__el\">\n\t\t\t\n\t\t\t<p>Le pr\u00e9sent message avec toutes les donn\u00e9es que vous aurez choisies d&#039;y faire figurer, votre IP et votre masque r\u00e9seau seront enregistr\u00e9s pour une dur\u00e9e de 24 mois et transmis par email au gestionnaire du pr\u00e9sent site. Aucune exploitation n&#039;en sera faite autre que la r\u00e9ponse \u00e0 votre demande formul\u00e9e sur le pr\u00e9sent formulaire. Par simple demande formulaire, vous pouvez demander la suppression de vos donn\u00e9es en notre possession.<\/p>\n\t\t\t\t\t<\/div>\n\t<\/div>\n<\/div>\n<div class=\"happyforms-part--choice display-type--block happyforms-form__part happyforms-part happyforms-part--checkbox happyforms-part--width-full happyforms-part--label-hidden\" id=\"happyforms-96_checkbox_4-part\" data-happyforms-type=\"checkbox\" data-happyforms-id=\"checkbox_4\" data-happyforms-required=\"\">\n\t<div class=\"happyforms-part-wrap\">\n\t\t\t<div class=\"happyforms-part__label-container\">\n\t\t\t<\/div>\n\t\n\t\t\n\t\t\n\t\t<div class=\"happyforms-part__el\">\n\t\t\t\n\t\t\t\t\t\t\t\t\t\t<div class=\"happyforms-part__option happyforms-part-option\" id=\"checkbox_4_option_1693773333528\">\n\t\t\t\t<label class=\"option-label\">\n\t\t\t\t\t<input type=\"checkbox\" class=\"happyforms-visuallyhidden happyforms-checkbox\" name=\"96_checkbox_4[]\" value=\"0\" data-serialize  autocomplete=\"off\" spellcheck=\"false\"  >\n\t\t\t\t\t<span class=\"checkmark\"><svg xmlns=\"http:\/\/www.w3.org\/2000\/svg\" width=\"12\" height=\"12\" viewBox=\"0 0 24 24\"><path fill=\"currentColor\" d=\"M20.285 2l-11.285 11.567-5.286-5.011-3.714 3.716 9 8.728 15-15.285z\"\/><\/svg><\/span>\n\t\t\t\t\t<span class=\"label-wrap\">\n\t\t\t\t\t\t<span class=\"label\">je suis d\u2019accord avec les dispositions ci dessus<\/span>\t\t\t\t\t<\/span>\n\t\t\t\t<\/label>\n\t\t\t\t\t\t\t<\/div>\n\t\t\t\n\t\t\t\n\t\t\t\t\t<\/div>\n\t<\/div>\n<\/div>\n\t\t\t\t<div class=\"happyforms-form__part happyforms-part happyforms-part--recaptcha happyforms-recaptcha-v2\" data-sitekey=\"6LdQvfEoAAAAAH-Ai8p9U6tvS9cbQLfTuzKpt8Kc\" data-happyforms-type=\"recaptcha_v2\" data-theme=\"light\">\n\t\t\t\t\t<label for=\"g-recaptcha-response\" class=\"happyforms-part__label\">\n\t\t\t\t<span class=\"label\">Validate your submission<\/span>\n\t\t\t<\/label>\n\t\t\t\t<div class=\"happyforms-part-wrap\" id=\"happyforms-96-recaptcha\"><\/div>\n\n\t\t\t<\/div>\n\t\t\t\t<div class=\"happyforms-form__part happyforms-part happyforms-part--submit\">\n\t\t<button type=\"submit\" class=\"happyforms-submit happyforms-button--submit \">Envoyer<\/button>\n\t<\/div>\t\t<\/div>\n\n\t\t\t<\/form>\n\n\t<\/div>\n[\/et_pb_code][\/et_pb_column][et_pb_column type=\u00a0\u00bb2_5&Prime; module_class=\u00a0\u00bbhome_form_right\u00a0\u00bb _builder_version=\u00a0\u00bb4.21.0&Prime; _module_preset=\u00a0\u00bbdefault\u00a0\u00bb global_colors_info=\u00a0\u00bb{}\u00a0\u00bb theme_builder_area=\u00a0\u00bbpost_content\u00a0\u00bb][dsm_embed_google_map address=\u00a0\u00bb25 rue Gustave Eiffel \u2013 ZA du Bel Air 78120 Rambouillet \u2013 France\u00a0\u00bb zoom=\u00a0\u00bb14&Prime; module_class=\u00a0\u00bbmymap\u00a0\u00bb _builder_version=\u00a0\u00bb4.21.0&Prime; _module_preset=\u00a0\u00bbdefault\u00a0\u00bb height=\u00a0\u00bb520px\u00a0\u00bb link_option_url=\u00a0\u00bbhttps:\/\/www.google.com\/maps\/place\/25+Rue+Gustave+Eiffel,+78120+Rambouillet\/@48.6281124,1.8186552,15.18z\/data=!4m6!3m5!1s0x47e426a84856e69b:0xa34ad4b263097da3!8m2!3d48.6258754!4d1.8241628!16s%2Fg%2F11cs7rxvfl?entry=ttu\u00a0\u00bb link_option_url_new_window=\u00a0\u00bbon\u00a0\u00bb hover_enabled=\u00a0\u00bb0&Prime; global_colors_info=\u00a0\u00bb{}\u00a0\u00bb theme_builder_area=\u00a0\u00bbpost_content\u00a0\u00bb sticky_enabled=\u00a0\u00bb0&Prime;][\/dsm_embed_google_map][\/et_pb_column][\/et_pb_row][\/et_pb_section]<\/p>\n","protected":false},"excerpt":{"rendered":"<p>Vous \u00eates tent\u00e9s par des luminaires naturels sans lumi\u00e8re bleue. N&rsquo;h\u00e9sitez plus, contactez-nous !<\/p>","protected":false},"author":1,"featured_media":934,"parent":0,"menu_order":0,"comment_status":"closed","ping_status":"closed","template":"","meta":{"_acf_changed":false,"_et_pb_use_builder":"on","_et_pb_old_content":"<!-- wp:divi\/placeholder \/-->","_et_gb_content_width":"","inline_featured_image":false,"_monsterinsights_skip_tracking":false,"_monsterinsights_sitenote_active":false,"_monsterinsights_sitenote_note":"","_monsterinsights_sitenote_category":0,"footnotes":""},"class_list":["post-27","page","type-page","status-publish","has-post-thumbnail","hentry"],"acf":[],"aioseo_notices":[],"_links":{"self":[{"href":"https:\/\/elypsun.fr\/en\/wp-json\/wp\/v2\/pages\/27","targetHints":{"allow":["GET"]}}],"collection":[{"href":"https:\/\/elypsun.fr\/en\/wp-json\/wp\/v2\/pages"}],"about":[{"href":"https:\/\/elypsun.fr\/en\/wp-json\/wp\/v2\/types\/page"}],"author":[{"embeddable":true,"href":"https:\/\/elypsun.fr\/en\/wp-json\/wp\/v2\/users\/1"}],"replies":[{"embeddable":true,"href":"https:\/\/elypsun.fr\/en\/wp-json\/wp\/v2\/comments?post=27"}],"version-history":[{"count":39,"href":"https:\/\/elypsun.fr\/en\/wp-json\/wp\/v2\/pages\/27\/revisions"}],"predecessor-version":[{"id":985,"href":"https:\/\/elypsun.fr\/en\/wp-json\/wp\/v2\/pages\/27\/revisions\/985"}],"wp:featuredmedia":[{"embeddable":true,"href":"https:\/\/elypsun.fr\/en\/wp-json\/wp\/v2\/media\/934"}],"wp:attachment":[{"href":"https:\/\/elypsun.fr\/en\/wp-json\/wp\/v2\/media?parent=27"}],"curies":[{"name":"wp","href":"https:\/\/api.w.org\/{rel}","templated":true}]}}